{"id":2,"date":"2016-05-10T03:48:21","date_gmt":"2016-05-10T03:48:21","guid":{"rendered":"http:\/\/candelamonino.fpcei.eu\/?page_id=2"},"modified":"2026-02-11T11:01:29","modified_gmt":"2026-02-11T11:01:29","slug":"sample-page","status":"publish","type":"page","link":"https:\/\/candelamonino.fpcei.eu\/?page_id=2","title":{"rendered":"Temporadas"},"content":{"rendered":"\n<figure class=\"wp-block-image alignright size-full is-resized\"><img loading=\"lazy\" decoding=\"async\" width=\"700\" height=\"416\" src=\"http:\/\/candelamonino.fpcei.eu\/wp-content\/uploads\/2026\/01\/1.jpeg\" alt=\"\" class=\"wp-image-65\" style=\"aspect-ratio:1.6827457014785576;width:544px;height:auto\" srcset=\"https:\/\/candelamonino.fpcei.eu\/wp-content\/uploads\/2026\/01\/1.jpeg 700w, https:\/\/candelamonino.fpcei.eu\/wp-content\/uploads\/2026\/01\/1-300x178.jpeg 300w\" sizes=\"auto, (max-width: 700px) 100vw, 700px\" \/><\/figure>\n\n\n\n<div class=\"wp-block-group is-nowrap is-layout-flex wp-container-core-group-is-layout-6c531013 wp-block-group-is-layout-flex\">\n<p class=\"has-contrast-color has-text-color has-link-color wp-elements-9f8c773220104c06d24f25fb224cc723\">Bienvenido\/a a la secci\u00f3n de Temporadas de <em>Prison Break<\/em>, un espacio dedicado a explorar cada fase de esta ic\u00f3nica serie. En esta p\u00e1gina se presenta un panorama general de las cinco temporadas, ofreciendo un recorrido estructurado que permite comprender la evoluci\u00f3n de la trama, los protagonistas y los momentos m\u00e1s significativos de la serie.<\/p>\n<\/div>\n\n\n\n<div class=\"wp-block-group is-nowrap is-layout-flex wp-container-core-group-is-layout-6c531013 wp-block-group-is-layout-flex\">\n<h3 class=\"wp-block-heading\"><strong>Contenido de cada temporada<\/strong>:<\/h3>\n<\/div>\n\n\n\n<p><\/p>\n\n\n\n<figure class=\"wp-block-image alignleft size-full is-resized\"><img loading=\"lazy\" decoding=\"async\" width=\"736\" height=\"908\" src=\"http:\/\/candelamonino.fpcei.eu\/wp-content\/uploads\/2026\/01\/14.jpeg\" alt=\"\" class=\"wp-image-79\" style=\"aspect-ratio:0.8106094471762777;width:266px;height:auto\" srcset=\"https:\/\/candelamonino.fpcei.eu\/wp-content\/uploads\/2026\/01\/14.jpeg 736w, https:\/\/candelamonino.fpcei.eu\/wp-content\/uploads\/2026\/01\/14-243x300.jpeg 243w\" sizes=\"auto, (max-width: 736px) 100vw, 736px\" \/><\/figure>\n\n\n\n<div class=\"wp-block-group is-nowrap is-layout-flex wp-container-core-group-is-layout-6c531013 wp-block-group-is-layout-flex\">\n<ul class=\"wp-block-list\">\n<li class=\"has-contrast-color has-text-color has-link-color wp-elements-99696218f06bc81034471f88be6c753e\"><strong>Resumen detallado:<\/strong> Una descripci\u00f3n formal y completa de los acontecimientos principales, los objetivos de los protagonistas y los conflictos que enfrentan.<\/li>\n\n\n\n<li class=\"has-contrast-color has-text-color has-link-color wp-elements-e290cd9ef5863906e69d3200340aa79e\"><strong>Episodios destacados:<\/strong> Selecci\u00f3n de los episodios m\u00e1s relevantes, explicando su importancia dentro de la narrativa general.<\/li>\n\n\n\n<li class=\"has-contrast-color has-text-color has-link-color wp-elements-a469a530e8b8232de6790c7983e473d7\"><strong>Curiosidad o dato relevante:<\/strong> Informaci\u00f3n adicional sobre la temporada, el rodaje, los personajes o detalles que aportan contexto y enriquecen la experiencia del espectador.<\/li>\n<\/ul>\n<\/div>\n\n\n\n<p><\/p>\n","protected":false},"excerpt":{"rendered":"<p>Bienvenido\/a a la secci\u00f3n de Temporadas de Prison Break, un espacio dedicado a explorar cada fase de esta ic\u00f3nica serie. En esta p\u00e1gina se presenta un panorama general de las cinco temporadas, ofreciendo un recorrido estructurado que permite comprender la evoluci\u00f3n de la trama, los protagonistas y los momentos m\u00e1s significativos de la serie. Contenido [&hellip;]<\/p>\n","protected":false},"author":1,"featured_media":0,"parent":0,"menu_order":0,"comment_status":"closed","ping_status":"open","template":"","meta":{"footnotes":""},"class_list":["post-2","page","type-page","status-publish","hentry"],"_links":{"self":[{"href":"https:\/\/candelamonino.fpcei.eu\/index.php?rest_route=\/wp\/v2\/pages\/2","targetHints":{"allow":["GET"]}}],"collection":[{"href":"https:\/\/candelamonino.fpcei.eu\/index.php?rest_route=\/wp\/v2\/pages"}],"about":[{"href":"https:\/\/candelamonino.fpcei.eu\/index.php?rest_route=\/wp\/v2\/types\/page"}],"author":[{"embeddable":true,"href":"https:\/\/candelamonino.fpcei.eu\/index.php?rest_route=\/wp\/v2\/users\/1"}],"replies":[{"embeddable":true,"href":"https:\/\/candelamonino.fpcei.eu\/index.php?rest_route=%2Fwp%2Fv2%2Fcomments&post=2"}],"version-history":[{"count":8,"href":"https:\/\/candelamonino.fpcei.eu\/index.php?rest_route=\/wp\/v2\/pages\/2\/revisions"}],"predecessor-version":[{"id":169,"href":"https:\/\/candelamonino.fpcei.eu\/index.php?rest_route=\/wp\/v2\/pages\/2\/revisions\/169"}],"wp:attachment":[{"href":"https:\/\/candelamonino.fpcei.eu\/index.php?rest_route=%2Fwp%2Fv2%2Fmedia&parent=2"}],"curies":[{"name":"wp","href":"https:\/\/api.w.org\/{rel}","templated":true}]}}