{"id":142,"date":"2026-02-11T10:02:08","date_gmt":"2026-02-11T10:02:08","guid":{"rendered":"https:\/\/candelamonino.fpcei.eu\/?page_id=142"},"modified":"2026-02-11T11:07:11","modified_gmt":"2026-02-11T11:07:11","slug":"temporada-4","status":"publish","type":"page","link":"https:\/\/candelamonino.fpcei.eu\/?page_id=142","title":{"rendered":"Temporada 4"},"content":{"rendered":"\n<figure class=\"wp-block-image alignright size-full is-resized\"><img loading=\"lazy\" decoding=\"async\" width=\"653\" height=\"519\" src=\"http:\/\/candelamonino.fpcei.eu\/wp-content\/uploads\/2026\/01\/descarga.jpeg\" alt=\"\" class=\"wp-image-80\" style=\"aspect-ratio:1.258244978421866;width:535px;height:auto\" srcset=\"https:\/\/candelamonino.fpcei.eu\/wp-content\/uploads\/2026\/01\/descarga.jpeg 653w, https:\/\/candelamonino.fpcei.eu\/wp-content\/uploads\/2026\/01\/descarga-300x238.jpeg 300w\" sizes=\"auto, (max-width: 653px) 100vw, 653px\" \/><\/figure>\n\n\n\n<div class=\"wp-block-group is-nowrap is-layout-flex wp-container-core-group-is-layout-6c531013 wp-block-group-is-layout-flex\">\n<p class=\"has-contrast-color has-text-color has-link-color wp-elements-002f0c81b8fae79f89b74faeaae3c8be\">En la cuarta temporada, la serie ampl\u00eda su alcance, centr\u00e1ndose en la lucha de Michael, Lincoln y sus aliados contra la organizaci\u00f3n secreta \u201cThe Company\u201d. La narrativa se aleja de las c\u00e1rceles tradicionales, combinando espionaje, acci\u00f3n global y estrategias complejas. Los protagonistas enfrentan decisiones cr\u00edticas, riesgos calculados y giros inesperados que mantienen al espectador en tensi\u00f3n. Esta temporada destaca por su enfoque m\u00e1s amplio, explorando conspiraciones internacionales y la inteligencia estrat\u00e9gica de los personajes, quienes deben equilibrar la lealtad, la supervivencia y la justicia.<\/p>\n<\/div>\n\n\n\n<div class=\"wp-block-group is-nowrap is-layout-flex wp-container-core-group-is-layout-6c531013 wp-block-group-is-layout-flex\">\n<h3 class=\"wp-block-heading\">                                                        <strong>Episodios clave<\/strong><\/h3>\n<\/div>\n\n\n\n<div class=\"wp-block-group is-nowrap is-layout-flex wp-container-core-group-is-layout-6c531013 wp-block-group-is-layout-flex\">\n<ul class=\"wp-block-list\">\n<li class=\"has-contrast-color has-text-color has-link-color wp-elements-00f8b6d989354ce4da87c4aed85f1eb6\">Episodio 1 \u2013 Scylla: Se inicia la misi\u00f3n para obtener informaci\u00f3n esencial sobre la organizaci\u00f3n.<\/li>\n\n\n\n<li class=\"has-contrast-color has-text-color has-link-color wp-elements-a4987806e0009d2f2079ba0c7a73c019\">Episodio 9 \u2013 Greatness Achieved: Michael ejecuta planes arriesgados para desbaratar a \u201cThe Company\u201d.<\/li>\n\n\n\n<li class=\"has-contrast-color has-text-color has-link-color wp-elements-b48844410351c9e1f58a4f470b5b7063\">Episodio 24 \u2013 Kicking the Can: El desenlace cierra varias tramas de manera satisfactoria y dram\u00e1tica.<\/li>\n<\/ul>\n<\/div>\n\n\n\n<h3 class=\"wp-block-heading\">      <strong>Curiosidad<\/strong><\/h3>\n\n\n\n<div class=\"wp-block-group is-nowrap is-layout-flex wp-container-core-group-is-layout-6c531013 wp-block-group-is-layout-flex\">\n<p class=\"has-text-align-center has-contrast-color has-text-color has-link-color wp-elements-f373a9ff7440eb5b332bfe490d9a1393\">Esta temporada es la m\u00e1s global de la serie, con escenarios internacionales y un enfoque estrat\u00e9gico que la diferencia de las anteriores.<\/p>\n<\/div>\n\n\n\n<p><\/p>\n","protected":false},"excerpt":{"rendered":"<p>En la cuarta temporada, la serie ampl\u00eda su alcance, centr\u00e1ndose en la lucha de Michael, Lincoln y sus aliados contra la organizaci\u00f3n secreta \u201cThe Company\u201d. La narrativa se aleja de las c\u00e1rceles tradicionales, combinando espionaje, acci\u00f3n global y estrategias complejas. Los protagonistas enfrentan decisiones cr\u00edticas, riesgos calculados y giros inesperados que mantienen al espectador en [&hellip;]<\/p>\n","protected":false},"author":2,"featured_media":0,"parent":0,"menu_order":0,"comment_status":"closed","ping_status":"closed","template":"","meta":{"footnotes":""},"class_list":["post-142","page","type-page","status-publish","hentry"],"_links":{"self":[{"href":"https:\/\/candelamonino.fpcei.eu\/index.php?rest_route=\/wp\/v2\/pages\/142","targetHints":{"allow":["GET"]}}],"collection":[{"href":"https:\/\/candelamonino.fpcei.eu\/index.php?rest_route=\/wp\/v2\/pages"}],"about":[{"href":"https:\/\/candelamonino.fpcei.eu\/index.php?rest_route=\/wp\/v2\/types\/page"}],"author":[{"embeddable":true,"href":"https:\/\/candelamonino.fpcei.eu\/index.php?rest_route=\/wp\/v2\/users\/2"}],"replies":[{"embeddable":true,"href":"https:\/\/candelamonino.fpcei.eu\/index.php?rest_route=%2Fwp%2Fv2%2Fcomments&post=142"}],"version-history":[{"count":5,"href":"https:\/\/candelamonino.fpcei.eu\/index.php?rest_route=\/wp\/v2\/pages\/142\/revisions"}],"predecessor-version":[{"id":176,"href":"https:\/\/candelamonino.fpcei.eu\/index.php?rest_route=\/wp\/v2\/pages\/142\/revisions\/176"}],"wp:attachment":[{"href":"https:\/\/candelamonino.fpcei.eu\/index.php?rest_route=%2Fwp%2Fv2%2Fmedia&parent=142"}],"curies":[{"name":"wp","href":"https:\/\/api.w.org\/{rel}","templated":true}]}}