{"id":139,"date":"2026-02-11T10:01:11","date_gmt":"2026-02-11T10:01:11","guid":{"rendered":"https:\/\/candelamonino.fpcei.eu\/?page_id=139"},"modified":"2026-02-11T11:06:17","modified_gmt":"2026-02-11T11:06:17","slug":"temporada-3","status":"publish","type":"page","link":"https:\/\/candelamonino.fpcei.eu\/?page_id=139","title":{"rendered":"Temporada 3"},"content":{"rendered":"\n<figure class=\"wp-block-image alignright size-full is-resized\"><img loading=\"lazy\" decoding=\"async\" width=\"735\" height=\"444\" src=\"http:\/\/candelamonino.fpcei.eu\/wp-content\/uploads\/2026\/01\/Sona-Prison-Break-S3.jpeg\" alt=\"\" class=\"wp-image-77\" style=\"aspect-ratio:1.6554832761358398;width:629px;height:auto\" srcset=\"https:\/\/candelamonino.fpcei.eu\/wp-content\/uploads\/2026\/01\/Sona-Prison-Break-S3.jpeg 735w, https:\/\/candelamonino.fpcei.eu\/wp-content\/uploads\/2026\/01\/Sona-Prison-Break-S3-300x181.jpeg 300w\" sizes=\"auto, (max-width: 735px) 100vw, 735px\" \/><\/figure>\n\n\n\n<div class=\"wp-block-group is-nowrap is-layout-flex wp-container-core-group-is-layout-6c531013 wp-block-group-is-layout-flex\">\n<p class=\"has-contrast-color has-text-color has-link-color wp-elements-d98f2429a7b7eb5eb852144819664143\">La tercera temporada traslada la acci\u00f3n a la prisi\u00f3n de Sona en Panam\u00e1, un entorno implacable donde la supervivencia depende de la astucia, la fuerza y la inteligencia de los internos. Michael y sus compa\u00f1eros deben adaptarse a un sistema carcelario extremo, lleno de traiciones y conflictos internos. La serie explora no solo la acci\u00f3n y la fuga, sino tambi\u00e9n la psicolog\u00eda de los personajes y sus relaciones bajo presi\u00f3n, ofreciendo al espectador una experiencia m\u00e1s intensa y dram\u00e1tica que las temporadas anteriores.<\/p>\n<\/div>\n\n\n\n<h3 class=\"wp-block-heading\"><strong>Episodios clave<\/strong><\/h3>\n\n\n\n<div class=\"wp-block-group is-nowrap is-layout-flex wp-container-core-group-is-layout-6c531013 wp-block-group-is-layout-flex\">\n<ul class=\"wp-block-list\">\n<li class=\"has-contrast-color has-text-color has-link-color wp-elements-fbfbb957b30cfe256d727a1cccb3df6d\">Episodio 1 \u2013 Orientaci\u00f3n: Michael llega a Sona y comprende la dureza del entorno.<\/li>\n\n\n\n<li class=\"has-contrast-color has-text-color has-link-color wp-elements-c430e079f2c131918d77935bb111e5cb\">Episodio 11 \u2013 Under &amp; Out: Los planes de escape se complican por las traiciones y la violencia interna.<\/li>\n\n\n\n<li class=\"has-contrast-color has-text-color has-link-color wp-elements-5cfda7a6bb6279894a37e146a84aa690\">Episodio 13 \u2013 Leave No Man Behind: Enfrentamientos finales y fugas parciales cierran la temporada con gran tensi\u00f3n.<\/li>\n<\/ul>\n<\/div>\n\n\n\n<div class=\"wp-block-group is-nowrap is-layout-flex wp-container-core-group-is-layout-6c531013 wp-block-group-is-layout-flex\">\n<h3 class=\"wp-block-heading\">   <strong>Curiosidad<\/strong><\/h3>\n<\/div>\n\n\n\n<p class=\"has-text-align-center has-contrast-color has-text-color has-link-color wp-elements-aab5308771e3a8330df88975ae4501ee\">La prisi\u00f3n de Sona se inspir\u00f3 en centros de alta seguridad reales en Latinoam\u00e9rica, lo que aporta un realismo impresionante al desarrollo de la historia.<\/p>\n\n\n\n<p><\/p>\n","protected":false},"excerpt":{"rendered":"<p>La tercera temporada traslada la acci\u00f3n a la prisi\u00f3n de Sona en Panam\u00e1, un entorno implacable donde la supervivencia depende de la astucia, la fuerza y la inteligencia de los internos. Michael y sus compa\u00f1eros deben adaptarse a un sistema carcelario extremo, lleno de traiciones y conflictos internos. La serie explora no solo la acci\u00f3n [&hellip;]<\/p>\n","protected":false},"author":2,"featured_media":0,"parent":0,"menu_order":0,"comment_status":"closed","ping_status":"closed","template":"","meta":{"footnotes":""},"class_list":["post-139","page","type-page","status-publish","hentry"],"_links":{"self":[{"href":"https:\/\/candelamonino.fpcei.eu\/index.php?rest_route=\/wp\/v2\/pages\/139","targetHints":{"allow":["GET"]}}],"collection":[{"href":"https:\/\/candelamonino.fpcei.eu\/index.php?rest_route=\/wp\/v2\/pages"}],"about":[{"href":"https:\/\/candelamonino.fpcei.eu\/index.php?rest_route=\/wp\/v2\/types\/page"}],"author":[{"embeddable":true,"href":"https:\/\/candelamonino.fpcei.eu\/index.php?rest_route=\/wp\/v2\/users\/2"}],"replies":[{"embeddable":true,"href":"https:\/\/candelamonino.fpcei.eu\/index.php?rest_route=%2Fwp%2Fv2%2Fcomments&post=139"}],"version-history":[{"count":4,"href":"https:\/\/candelamonino.fpcei.eu\/index.php?rest_route=\/wp\/v2\/pages\/139\/revisions"}],"predecessor-version":[{"id":175,"href":"https:\/\/candelamonino.fpcei.eu\/index.php?rest_route=\/wp\/v2\/pages\/139\/revisions\/175"}],"wp:attachment":[{"href":"https:\/\/candelamonino.fpcei.eu\/index.php?rest_route=%2Fwp%2Fv2%2Fmedia&parent=139"}],"curies":[{"name":"wp","href":"https:\/\/api.w.org\/{rel}","templated":true}]}}