{"id":137,"date":"2026-02-11T10:00:24","date_gmt":"2026-02-11T10:00:24","guid":{"rendered":"https:\/\/candelamonino.fpcei.eu\/?page_id=137"},"modified":"2026-02-11T11:10:08","modified_gmt":"2026-02-11T11:10:08","slug":"temporada-2","status":"publish","type":"page","link":"https:\/\/candelamonino.fpcei.eu\/?page_id=137","title":{"rendered":"Temporada 2"},"content":{"rendered":"\n<figure class=\"wp-block-image alignright size-full is-resized\"><img loading=\"lazy\" decoding=\"async\" width=\"735\" height=\"586\" src=\"http:\/\/candelamonino.fpcei.eu\/wp-content\/uploads\/2026\/01\/11.jpeg\" alt=\"\" class=\"wp-image-75\" style=\"aspect-ratio:1.254331648014543;width:611px;height:auto\" srcset=\"https:\/\/candelamonino.fpcei.eu\/wp-content\/uploads\/2026\/01\/11.jpeg 735w, https:\/\/candelamonino.fpcei.eu\/wp-content\/uploads\/2026\/01\/11-300x239.jpeg 300w\" sizes=\"auto, (max-width: 735px) 100vw, 735px\" \/><\/figure>\n\n\n\n<div class=\"wp-block-group is-nowrap is-layout-flex wp-container-core-group-is-layout-6c531013 wp-block-group-is-layout-flex\">\n<p class=\"has-contrast-color has-text-color has-link-color wp-elements-a16ab1fe0ecfdfe0fe42ffaf96eb9b81\">La segunda temporada sigue las consecuencias inmediatas de la fuga de Fox River. Michael, Lincoln y los dem\u00e1s fugitivos se ven obligados a enfrentar la persecuci\u00f3n de las autoridades y los miembros de la poderosa conspiraci\u00f3n conocida como \u201cThe Company\u201d. La narrativa se desarrolla entre persecuciones a lo largo del pa\u00eds, alianzas temporales y secretos que se revelan progresivamente, manteniendo la tensi\u00f3n constante. Esta temporada profundiza en la psicolog\u00eda de los personajes, mostrando sus miedos, lealtades y estrategias para sobrevivir en un mundo hostil, m\u00e1s all\u00e1 de los muros de la prisi\u00f3n.<\/p>\n<\/div>\n\n\n\n<h3 class=\"wp-block-heading\"><strong>Episodios clave<\/strong><\/h3>\n\n\n\n<div class=\"wp-block-group is-nowrap is-layout-flex wp-container-core-group-is-layout-6c531013 wp-block-group-is-layout-flex\">\n<ul class=\"wp-block-list\">\n<li class=\"has-contrast-color has-text-color has-link-color wp-elements-4b075ddf3a61a942bfc0f538f2a2d39b\">Episodio 1 (Manhunt): Comienza la intensa persecuci\u00f3n de los fugitivos a nivel nacional.<\/li>\n\n\n\n<li class=\"has-contrast-color has-text-color has-link-color wp-elements-1b9eb2e7afd311ec0d89fec18f638a70\">Episodio 10 (Rendezvous): Los personajes principales se reagrupan mientras enfrentan nuevos peligros.<\/li>\n\n\n\n<li class=\"has-contrast-color has-text-color has-link-color wp-elements-a3fe48fdb4350373f62e4af20ba9fb72\">Episodio 22 (Sona): Algunos fugitivos terminan en la prisi\u00f3n de Sona, anticipando la tercera temporada.<\/li>\n<\/ul>\n<\/div>\n\n\n\n<h3 class=\"wp-block-heading\"><strong>Curiosidad<\/strong><\/h3>\n\n\n\n<p class=\"has-text-align-center has-contrast-color has-text-color has-link-color wp-elements-f9b45c68d9d07996a54884b74269644d\">Se introducen personajes que se volver\u00e1n esenciales en las temporadas siguientes, como T-Bag y Sucre, aportando dinamismo y complejidad a la historia.<\/p>\n\n\n\n<p><\/p>\n","protected":false},"excerpt":{"rendered":"<p>La segunda temporada sigue las consecuencias inmediatas de la fuga de Fox River. Michael, Lincoln y los dem\u00e1s fugitivos se ven obligados a enfrentar la persecuci\u00f3n de las autoridades y los miembros de la poderosa conspiraci\u00f3n conocida como \u201cThe Company\u201d. La narrativa se desarrolla entre persecuciones a lo largo del pa\u00eds, alianzas temporales y secretos [&hellip;]<\/p>\n","protected":false},"author":2,"featured_media":0,"parent":0,"menu_order":0,"comment_status":"closed","ping_status":"closed","template":"","meta":{"footnotes":""},"class_list":["post-137","page","type-page","status-publish","hentry"],"_links":{"self":[{"href":"https:\/\/candelamonino.fpcei.eu\/index.php?rest_route=\/wp\/v2\/pages\/137","targetHints":{"allow":["GET"]}}],"collection":[{"href":"https:\/\/candelamonino.fpcei.eu\/index.php?rest_route=\/wp\/v2\/pages"}],"about":[{"href":"https:\/\/candelamonino.fpcei.eu\/index.php?rest_route=\/wp\/v2\/types\/page"}],"author":[{"embeddable":true,"href":"https:\/\/candelamonino.fpcei.eu\/index.php?rest_route=\/wp\/v2\/users\/2"}],"replies":[{"embeddable":true,"href":"https:\/\/candelamonino.fpcei.eu\/index.php?rest_route=%2Fwp%2Fv2%2Fcomments&post=137"}],"version-history":[{"count":5,"href":"https:\/\/candelamonino.fpcei.eu\/index.php?rest_route=\/wp\/v2\/pages\/137\/revisions"}],"predecessor-version":[{"id":179,"href":"https:\/\/candelamonino.fpcei.eu\/index.php?rest_route=\/wp\/v2\/pages\/137\/revisions\/179"}],"wp:attachment":[{"href":"https:\/\/candelamonino.fpcei.eu\/index.php?rest_route=%2Fwp%2Fv2%2Fmedia&parent=137"}],"curies":[{"name":"wp","href":"https:\/\/api.w.org\/{rel}","templated":true}]}}