{"id":132,"date":"2026-02-11T09:51:51","date_gmt":"2026-02-11T09:51:51","guid":{"rendered":"https:\/\/candelamonino.fpcei.eu\/?page_id=132"},"modified":"2026-02-11T11:09:32","modified_gmt":"2026-02-11T11:09:32","slug":"132-2","status":"publish","type":"page","link":"https:\/\/candelamonino.fpcei.eu\/?page_id=132","title":{"rendered":"Temporada 1"},"content":{"rendered":"\n<figure class=\"wp-block-image alignright size-full is-resized\"><img loading=\"lazy\" decoding=\"async\" width=\"736\" height=\"990\" src=\"http:\/\/candelamonino.fpcei.eu\/wp-content\/uploads\/2026\/01\/12.jpeg\" alt=\"\" class=\"wp-image-76\" style=\"aspect-ratio:0.7434488968932913;width:428px;height:auto\" srcset=\"https:\/\/candelamonino.fpcei.eu\/wp-content\/uploads\/2026\/01\/12.jpeg 736w, https:\/\/candelamonino.fpcei.eu\/wp-content\/uploads\/2026\/01\/12-223x300.jpeg 223w\" sizes=\"auto, (max-width: 736px) 100vw, 736px\" \/><\/figure>\n\n\n\n<div class=\"wp-block-group is-nowrap is-layout-flex wp-container-core-group-is-layout-6c531013 wp-block-group-is-layout-flex\">\n<p class=\"has-contrast-color has-text-color has-link-color wp-elements-fb9371f3aa0004450ff66659346dae33\">La primera temporada de <em>Prison Break<\/em> introduce al espectador en un mundo de ingenio, suspense y tensi\u00f3n constante. Michael Scofield, un ingeniero excepcional, se infiltra en la prisi\u00f3n de Fox River con un prop\u00f3sito claro: salvar a su hermano Lincoln Burrows, condenado injustamente a muerte. La serie desarrolla un elaborado plan de fuga a trav\u00e9s de un tatuaje que contiene los planos de la prisi\u00f3n y pistas estrat\u00e9gicas, mostrando la astucia y paciencia de Michael. Esta temporada combina acci\u00f3n, drama y desarrollo de personajes, mientras los internos enfrentan conflictos, traiciones y dilemas \u00e9ticos que enriquecen la narrativa.<\/p>\n<\/div>\n\n\n\n<h3 class=\"wp-block-heading\"><strong>Episodios clave<\/strong><\/h3>\n\n\n\n<div class=\"wp-block-group is-nowrap is-layout-flex wp-container-core-group-is-layout-6c531013 wp-block-group-is-layout-flex\">\n<p class=\"has-text-align-left has-contrast-color has-text-color has-link-color wp-elements-9267738e0472855e62a86041856b5cee\">Episodio 22 (Fin de la fuga): La ejecuci\u00f3n final del plan deja al espectador con gran tensi\u00f3n y satisfacci\u00f3n narrativa.<\/p>\n\n\n\n<p class=\"has-contrast-color has-text-color has-link-color wp-elements-00aec6fa6093f8684976d1d973d7cf06\">Episodio 1 ( Piloto): Michael se infiltra en la prisi\u00f3n y revela su plan a trav\u00e9s del tatuaje que cubre su torso.<\/p>\n\n\n\n<p class=\"has-contrast-color has-text-color has-link-color wp-elements-04f1b908c345834b9167c9d9873a4092\">Episodio 10 (Cuesti\u00f3n de vida o muerte): La fuga enfrenta obst\u00e1culos inesperados dentro de la prisi\u00f3n.<\/p>\n<\/div>\n\n\n\n<h3 class=\"wp-block-heading\"><strong>Curiosidad<\/strong><\/h3>\n\n\n\n<p class=\"has-text-align-center has-contrast-color has-text-color has-link-color wp-elements-3c40c09428b410c276b22619b8f4688e\">El tatuaje de Michael fue dise\u00f1ado como un plano realista de la prisi\u00f3n, y cada l\u00ednea y s\u00edmbolo ten\u00eda un significado espec\u00edfico para la fuga, mostrando un nivel de detalle \u00fanico en la serie.<\/p>\n\n\n\n<p><\/p>\n","protected":false},"excerpt":{"rendered":"<p>La primera temporada de Prison Break introduce al espectador en un mundo de ingenio, suspense y tensi\u00f3n constante. Michael Scofield, un ingeniero excepcional, se infiltra en la prisi\u00f3n de Fox River con un prop\u00f3sito claro: salvar a su hermano Lincoln Burrows, condenado injustamente a muerte. La serie desarrolla un elaborado plan de fuga a trav\u00e9s [&hellip;]<\/p>\n","protected":false},"author":2,"featured_media":0,"parent":0,"menu_order":0,"comment_status":"closed","ping_status":"closed","template":"","meta":{"footnotes":""},"class_list":["post-132","page","type-page","status-publish","hentry"],"_links":{"self":[{"href":"https:\/\/candelamonino.fpcei.eu\/index.php?rest_route=\/wp\/v2\/pages\/132","targetHints":{"allow":["GET"]}}],"collection":[{"href":"https:\/\/candelamonino.fpcei.eu\/index.php?rest_route=\/wp\/v2\/pages"}],"about":[{"href":"https:\/\/candelamonino.fpcei.eu\/index.php?rest_route=\/wp\/v2\/types\/page"}],"author":[{"embeddable":true,"href":"https:\/\/candelamonino.fpcei.eu\/index.php?rest_route=\/wp\/v2\/users\/2"}],"replies":[{"embeddable":true,"href":"https:\/\/candelamonino.fpcei.eu\/index.php?rest_route=%2Fwp%2Fv2%2Fcomments&post=132"}],"version-history":[{"count":6,"href":"https:\/\/candelamonino.fpcei.eu\/index.php?rest_route=\/wp\/v2\/pages\/132\/revisions"}],"predecessor-version":[{"id":178,"href":"https:\/\/candelamonino.fpcei.eu\/index.php?rest_route=\/wp\/v2\/pages\/132\/revisions\/178"}],"wp:attachment":[{"href":"https:\/\/candelamonino.fpcei.eu\/index.php?rest_route=%2Fwp%2Fv2%2Fmedia&parent=132"}],"curies":[{"name":"wp","href":"https:\/\/api.w.org\/{rel}","templated":true}]}}