{"id":116,"date":"2026-02-04T09:47:55","date_gmt":"2026-02-04T09:47:55","guid":{"rendered":"https:\/\/candelamonino.fpcei.eu\/?page_id=116"},"modified":"2026-02-18T17:37:04","modified_gmt":"2026-02-18T17:37:04","slug":"datos-y-curiosidades","status":"publish","type":"page","link":"https:\/\/candelamonino.fpcei.eu\/?page_id=116","title":{"rendered":"Datos y Curiosidades"},"content":{"rendered":"\n<p class=\"has-text-align-center has-contrast-color has-text-color has-link-color wp-elements-e73459ca92e3de083c0b41c4284264b1\"><em>Prison Break<\/em> no solo destaca por su acci\u00f3n y suspense, sino tambi\u00e9n por los detalles y secretos que se esconden detr\u00e1s de cada episodio. En esta secci\u00f3n exploraremos datos sorprendentes y curiosidades que enriquecen la historia y muestran el trabajo detr\u00e1s de la serie. A continuaci\u00f3n, descubrir\u00e1s algunos de los secretos y detalles m\u00e1s interesantes que los fans han apreciado a lo largo de las temporadas.<\/p>\n\n\n\n<div class=\"wp-block-group is-nowrap is-layout-flex wp-container-core-group-is-layout-6c531013 wp-block-group-is-layout-flex\">\n<figure class=\"wp-block-image alignleft size-large\"><img loading=\"lazy\" decoding=\"async\" width=\"527\" height=\"1024\" src=\"https:\/\/candelamonino.fpcei.eu\/wp-content\/uploads\/2026\/02\/19-527x1024.jpeg\" alt=\"\" class=\"wp-image-193\" srcset=\"https:\/\/candelamonino.fpcei.eu\/wp-content\/uploads\/2026\/02\/19-527x1024.jpeg 527w, https:\/\/candelamonino.fpcei.eu\/wp-content\/uploads\/2026\/02\/19-155x300.jpeg 155w, https:\/\/candelamonino.fpcei.eu\/wp-content\/uploads\/2026\/02\/19.jpeg 618w\" sizes=\"auto, (max-width: 527px) 100vw, 527px\" \/><\/figure>\n\n\n\n<p class=\"is-style-default has-contrast-color has-text-color has-link-color wp-elements-2811f430da12c67cdadcf35d9ed37d6a\"><strong>&#8211;<em>El tatuaje de Michael Scofield<\/em><\/strong><br>Wentworth Miller ten\u00eda que pasar entre cuatro y cinco horas en maquillaje para que le pintaran los famosos tatuajes de Michael Scofield sobre la piel. Su tatuaje fue dise\u00f1ado por el artista Tom Berg, quien dise\u00f1\u00f3 el tatuaje del personaje de Francis Dolarhyde en &#8216;El drag\u00f3n rojo&#8217;, que dirigi\u00f3 Brett Ratner (productor ejecutivo de &#8216;Prison Break&#8217;). Seg\u00fan Berg en la vida real se tardar\u00edan 200 horas en hacerse el tatuaje de Scofield y costar\u00eda alrededor de 20.000 d\u00f3lares. <\/p>\n<\/div>\n\n\n\n<div class=\"wp-block-group is-nowrap is-layout-flex wp-container-core-group-is-layout-6c531013 wp-block-group-is-layout-flex\">\n<p class=\"has-contrast-color has-text-color has-link-color wp-elements-6f040f5cccf35879185a7e370e7a4c92\">&#8211;<strong><em>Un escenario con historia<\/em><\/strong><br>Las escenas de la celda de Lincoln Burrows&nbsp;se rodaron en la verdadera celda de la Prisi\u00f3n Joliet&nbsp;en la que John Wayne Gacy estuvo encerrado. Conocido como \u00abEl payaso asesino\u00bb, este criminal mat\u00f3 a 33 hombres entre 1972 y 1978 . Fue finalmente&nbsp;ejecutado en 1994 sin mostrar el menor signo de arrepentimiento.<\/p>\n\n\n\n<figure class=\"wp-block-image size-full\"><img loading=\"lazy\" decoding=\"async\" width=\"736\" height=\"981\" src=\"https:\/\/candelamonino.fpcei.eu\/wp-content\/uploads\/2026\/02\/20-2.jpeg\" alt=\"\" class=\"wp-image-196\" srcset=\"https:\/\/candelamonino.fpcei.eu\/wp-content\/uploads\/2026\/02\/20-2.jpeg 736w, https:\/\/candelamonino.fpcei.eu\/wp-content\/uploads\/2026\/02\/20-2-225x300.jpeg 225w\" sizes=\"auto, (max-width: 736px) 100vw, 736px\" \/><\/figure>\n<\/div>\n\n\n\n<p class=\"has-contrast-color has-text-color has-link-color wp-elements-3f88e3c930b27349293161df3f5cf216\"><em>&#8211;<strong>Decisiones de casting<\/strong><\/em> <br>Entre las curiosidades del casting de &#8216;Prison Break&#8217; cabe mencionar algunos datos.<\/p>\n\n\n\n<div class=\"wp-block-group is-nowrap is-layout-flex wp-container-core-group-is-layout-6c531013 wp-block-group-is-layout-flex\">\n<p class=\"has-contrast-color has-text-color has-link-color wp-elements-3a9ccf7fab83991f4f01043b5890784c\">Por ejemplo,&nbsp;Wentworth Miller fue contratado a \u00faltima hora.Empez\u00f3 a rodar la serie tan solo una semana despu\u00e9s de hacer la audici\u00f3n. Fue recomendado por Brett Ratner, para quien hizo una audici\u00f3n previamente.<\/p>\n<\/div>\n\n\n\n<div class=\"wp-block-group is-nowrap is-layout-flex wp-container-core-group-is-layout-6c531013 wp-block-group-is-layout-flex\">\n<figure class=\"wp-block-image size-large is-resized\"><img loading=\"lazy\" decoding=\"async\" width=\"683\" height=\"1024\" src=\"http:\/\/candelamonino.fpcei.eu\/wp-content\/uploads\/2026\/02\/Sara-Tancredi-1-683x1024.jpeg\" alt=\"\" class=\"wp-image-197\" style=\"aspect-ratio:0.6670005978445281;width:112px;height:auto\" srcset=\"https:\/\/candelamonino.fpcei.eu\/wp-content\/uploads\/2026\/02\/Sara-Tancredi-1-683x1024.jpeg 683w, https:\/\/candelamonino.fpcei.eu\/wp-content\/uploads\/2026\/02\/Sara-Tancredi-1-200x300.jpeg 200w, https:\/\/candelamonino.fpcei.eu\/wp-content\/uploads\/2026\/02\/Sara-Tancredi-1.jpeg 736w\" sizes=\"auto, (max-width: 683px) 100vw, 683px\" \/><\/figure>\n\n\n\n<p class=\"has-contrast-color has-text-color has-link-color wp-elements-f895d328d89f41ee001aeb7c2b918ec2\">Sarah Wayne Callies (Sara Tancredi) fue la primera actriz en ser  contratada para la serie.<\/p>\n<\/div>\n\n\n\n<p class=\"has-contrast-color has-text-color has-link-color wp-elements-8da1a7c3560103f46d5f851a7be9ea3e\"><em>&#8211;<strong>Nombres inspirados en la vida real<\/strong><\/em><br>Muchos personajes de &#8216;Prison Break&#8217; recibieron su nombre en honor a diferentes presidentes de los Estados Unidos y otros pol\u00edticos. Lincoln Burrows, por Abraham Lincoln. Theodore \u00abT-Bag\u00bb Bagwell por Theodore Roosevelt. Michael Scofield por el pol\u00edtico Edward Scofield. Benjamin Miles \u00abC-Note\u00bb Franklin por Benjamin Franklin. Alexander Mahone por William Mahone. Por \u00faltimo, Paul Kellerman recibi\u00f3 su nombre en honor de Roy Kellerman, el agente del servicio secreto que conduc\u00eda el coche de John F. Kennedy en el momento de su asesinato.<\/p>\n\n\n\n<p class=\"has-contrast-color has-text-color has-link-color wp-elements-712530c0a8320c7cbf34d30f7124aa9d\">&#8211;<strong><em>Sobre la pena de muerte<\/em><\/strong><br>En el Estado de Illinois, donde est\u00e1 ambientada la serie, el m\u00e9todo principal de ejecuci\u00f3n no es la silla el\u00e9ctrica, sino la inyecci\u00f3n letal, pero en la serie se utilizaba la silla para darle mayor dramatismo. A dia de hoy en Illinois se aplica una moratoria sobre la pena de muerte.&nbsp;<\/p>\n\n\n\n<p><\/p>\n\n\n\n<p class=\"has-text-align-center has-contrast-color has-text-color has-link-color wp-elements-2bed6eb450a3cd1626a27ff74a4cfc0d\">Estos datos y curiosidades muestran que <em>Prison Break<\/em> tiene mucho m\u00e1s que acci\u00f3n y suspense. Cada detalle y cada escena fueron cuidadosamente pensados, haciendo que la serie sea entretenida, interesante y memorable para todos los fans.<\/p>\n\n\n<iframe loading=\"lazy\" class=\"embed-pdf-viewer\" src=\"https:\/\/candelamonino.fpcei.eu\/wp-content\/uploads\/2026\/02\/Datos-Curiosidades-Prison-Break.pdf\" height=\"600\" width=\"600\" title=\"Datos Curiosidades Prison Break\"><\/iframe>\n\n\n<p>  <\/p>\n","protected":false},"excerpt":{"rendered":"<p>Prison Break no solo destaca por su acci\u00f3n y suspense, sino tambi\u00e9n por los detalles y secretos que se esconden detr\u00e1s de cada episodio. En esta secci\u00f3n exploraremos datos sorprendentes y curiosidades que enriquecen la historia y muestran el trabajo detr\u00e1s de la serie. A continuaci\u00f3n, descubrir\u00e1s algunos de los secretos y detalles m\u00e1s interesantes [&hellip;]<\/p>\n","protected":false},"author":2,"featured_media":0,"parent":0,"menu_order":0,"comment_status":"closed","ping_status":"closed","template":"","meta":{"footnotes":""},"class_list":["post-116","page","type-page","status-publish","hentry"],"_links":{"self":[{"href":"https:\/\/candelamonino.fpcei.eu\/index.php?rest_route=\/wp\/v2\/pages\/116","targetHints":{"allow":["GET"]}}],"collection":[{"href":"https:\/\/candelamonino.fpcei.eu\/index.php?rest_route=\/wp\/v2\/pages"}],"about":[{"href":"https:\/\/candelamonino.fpcei.eu\/index.php?rest_route=\/wp\/v2\/types\/page"}],"author":[{"embeddable":true,"href":"https:\/\/candelamonino.fpcei.eu\/index.php?rest_route=\/wp\/v2\/users\/2"}],"replies":[{"embeddable":true,"href":"https:\/\/candelamonino.fpcei.eu\/index.php?rest_route=%2Fwp%2Fv2%2Fcomments&post=116"}],"version-history":[{"count":8,"href":"https:\/\/candelamonino.fpcei.eu\/index.php?rest_route=\/wp\/v2\/pages\/116\/revisions"}],"predecessor-version":[{"id":212,"href":"https:\/\/candelamonino.fpcei.eu\/index.php?rest_route=\/wp\/v2\/pages\/116\/revisions\/212"}],"wp:attachment":[{"href":"https:\/\/candelamonino.fpcei.eu\/index.php?rest_route=%2Fwp%2Fv2%2Fmedia&parent=116"}],"curies":[{"name":"wp","href":"https:\/\/api.w.org\/{rel}","templated":true}]}}